{"id":18180,"date":"2025-02-04T19:00:17","date_gmt":"2025-02-04T19:00:17","guid":{"rendered":"https:\/\/pinpointacupunctuur.nl\/?page_id=18180"},"modified":"2025-11-30T19:27:43","modified_gmt":"2025-11-30T19:27:43","slug":"algemene-voorwaarden","status":"publish","type":"page","link":"https:\/\/pinpointacupunctuur.nl\/?page_id=18180","title":{"rendered":"Algemene voorwaarden"},"content":{"rendered":"<p>Algemene Voorwaarden Pin Point acupunctuur<\/p>\n<p>1. Inleiding \/ juridisch kader<br \/>\nVanaf het moment dat de cli\u00ebnt een afspraak maakt met Pin Point is er sprake van een behandelingsovereenkomst tussen Pin Point en de cli\u00ebnt. Daarmee zijn de bepalingen van Boek 7 titel 7 afdeling 5 van het BW (ook wel genoemd de WGBO: de Wet op de Geneeskundige Behandelingsovereenkomst) van toepassing op deze overeenkomst.<br \/>\nOok zijn de bepalingen van de Wet Kwaliteit, Klachten, Geschillen in de Zorg (WKKGZ) van toepassing, evenals de bepalingen uit de Algemene Verordening Gegevensbescherming (AVG).<br \/>\nPin Point is ook gebonden aan de meldcode huiselijk geweld.<br \/>\nIn aanvulling op de wettelijke bepalingen zijn onderstaande algemene voorwaarden van toepassing op de behandelingsovereenkomst tussen de cli\u00ebnt en Pin Point<br \/>\nAfwijkingen van deze algemene voorwaarden gelden slechts tussen de cli\u00ebnt en Pin Point als zij schriftelijk zijn overeengekomen en de afwijking niet in het nadeel is van de cli\u00ebnt.<\/p>\n<p>2. Begrippen<br \/>\nIn deze algemene voorwaarden wordt verstaan onder:<br \/>\n\u2022 Praktijk Pin Point: Praktijk Pin Point, te weten de praktijk voor acupunctuur van Jos\u00e9 Lip<br \/>\n\u2022 Cli\u00ebnt: de persoon aan wie door Praktijk Pin Point zorg verleend of advies gegeven wordt. De belangen van de cli\u00ebnt kunnen worden behartigd door diens wettelijke vertegenwoordiger(s);<br \/>\n\u2022 Consult: de enkele afspraak tussen Praktijk Pin Point en de cli\u00ebnt waarin zorg wordt verleend en\/of advies wordt gegeven.<br \/>\n\u2022 Behandeling: het geheel van \u00e9\u00e9n of meer consulten ten aanzien van de door de cli\u00ebnt aangedragen klachten met betrekking tot diens gezondheid.<br \/>\n\u2022 Zorg: het geheel van handelingen en\/of gesprekken op basis van acupunctuur in relatie tot de door de cli\u00ebnt aangedragen klachten met betrekking tot diens gezondheid.<br \/>\n\u2022 Advies: advies op het gebied van gezondheid, voeding dan wel beweging gebaseerd op de constateringen tijdens de behandeling en passend binnen de acupunctuur.<br \/>\n\u2022 Wettelijk vertegenwoordiger: de persoon of personen door wie de cli\u00ebnt op grond van de wet bij het sluiten en uitvoeren van de behandelingsovereenkomst wordt vertegenwoordigd.<br \/>\n\u2022 Incident: een niet beoogde of onverwachte gebeurtenis die betrekking heeft op de kwaliteit van de zorg en heeft geleid of zou kunnen leiden tot schade bij de cli\u00ebnt.<br \/>\n\u2022 Calamiteit: een niet-beoogde of onverwachte gebeurtenis, die betrekking heeft op de kwaliteit van de verleende zorg en die tot de dood van een cli\u00ebnt of een ernstig schadelijk gevolg voor een cli\u00ebnt heeft geleid.<\/p>\n<p>3. Informatie met betrekking tot de behandeling<br \/>\nPraktijk Pin Point licht de cli\u00ebnt duidelijk en desgevraagd schriftelijk in over de werkwijze bij een consult en over de voorgestelde behandeling. Ook wordt de cli\u00ebnt op de hoogte gehouden van de bevindingen tijdens de behandeling en de redelijkerwijs te verwachten effecten van die behandeling.<br \/>\nDeze informatie is begrijpelijk en passend bij de leeftijd en het bevattingsvermogen van de cli\u00ebnt.<\/p>\n<p>4. Werkwijze<br \/>\nElk consult van Praktijk Pin Point staat op zich, waarbij de mogelijkheid bestaat om na afloop van een consult een vervolg af te spreken.<br \/>\nTijdens een eerste consult wordt een anamnese afgenomen en zo nodig een behandelplan afgesproken.<br \/>\nPraktijk Pin Point stelt in samenspraak met de cli\u00ebnt een behandelplan op voor een aantal consulten. Dit plan kan worden bijgesteld op basis van voortschrijdend inzicht.<br \/>\nDe cli\u00ebnt verstrekt Praktijk Pin Point alle voor de administratie benodigde gegevens.<br \/>\nDe cli\u00ebnt verstrek Praktijk Pin Point alle gegevens omtrent de eigen gezondheid die voor de behandeling relevant en noodzakelijk zijn.<br \/>\nPraktijk Pin Point stelt geen medische diagnose en verwijst de cli\u00ebnt daarvoor te allen tijde naar een huisarts of medisch specialist. De cli\u00ebnt is zelf verantwoordelijk voor het contact met de eigen huisarts of medisch specialist.<\/p>\n<p>5. Kwaliteit<br \/>\nPraktijk Pin Point levert zorg en adviezen met inachtneming van de geldende normen en richtlijnen voor acupunctuur zoals deze onder anderen zijn vastgelegd in de het beroepsprofiel en beroepscompetentieprofiel voor acupunctuur.<br \/>\nDaarnaast voldoet Praktijk Pin Point aan de eisen die de wetgever, de LVNT en de RBCZ stellen aan beoefenaren van complementaire zorg.<\/p>\n<p>6. Tarief en voorwaarden<br \/>\nPraktijk Pin Point zorgt ervoor dat deze algemene voorwaarden voor cli\u00ebnten raadpleegbaar zijn en op de website van de praktijk staan. Bij het intakegesprek, of uiterlijk voordat de behandeling aanvangt, kunnen deze worden toegelicht. Op verzoek ontvangt de cli\u00ebnt een kopie van deze algemene voorwaarden op papier.<br \/>\nPraktijk Pin Point zorgt er voor dat de cli\u00ebnt voorafgaande aan een consult kan weten welke tarieven van toepassing zijn door de website te raadplegen. Ook voorafgaande aan het consult wordt dit met cli\u00ebnt besproken<br \/>\nAlleen indien en voor zover het gaat om diensten aan ondernemers reikt Praktijk Pin Point op verzoek een factuur uit waaruit blijkt of die diensten vrijgesteld van BTW zijn, of dat op die diensten BTW in rekening is gebracht.<br \/>\nHet tarief van Praktijk Pin Point is niet afhankelijk van de uitkomst van de verleende zorg of adviezen.<\/p>\n<p>7. Betaling<br \/>\nBetaling geschiedt per consult. Tenzij anders is overeengekomen, betaalt de cli\u00ebnt aan Praktijk Pin Point voor ieder consult direct na afloop daarvan middels een pintransactie. Praktijk Pin Point verstrekt na elke consult een factuur met een specificatie van de verrichte handelingen en prestatiecode.<br \/>\nIndien Praktijk Pin Point en de cli\u00ebnt, in afwijking van bovenstaande, overeenkomen dat wordt betaald op rekening, dient de cli\u00ebnt binnen de op de factuur gestelde termijn van 14 dagen na de declaratiedatum het verschuldigde bedrag over te maken op de door Praktijk Pin Point aangegeven bankrekening.<br \/>\nCompensatie door de cli\u00ebnt met bestaande of vermeende vorderingen op Praktijk Pin Point uit welke hoofde dan ook, is uitdrukkelijk uitgesloten.<br \/>\nBij niet-betaling binnen de gestelde vervaldatum van een uitgereikte factuur is Praktijk Pin Point gerechtigd om vanaf de dag daaropvolgend wettelijke rente over het verschuldigde in rekening te brengen plus alle kosten die verband houden met de inning van de desbetreffende vordering. Daar vallen uitdrukkelijk ook de kosten voor incasso door een incassobureau en eventuele gerechtelijke kosten onder.<br \/>\nVoor de bepaling van hetgeen door of met betrekking tot de cli\u00ebnt te eniger tijd aan Praktijk Pin Point verschuldigd is, zijn de administratie en het cli\u00ebntendossier van Praktijk Pin Point bepalend, zulks behoudens tegenbewijs.<br \/>\nBezwaren tegen de hoogte van het factuurbedrag schorten de betalingsverplichting niet op.<\/p>\n<p>8. Verhindering<br \/>\nIndien de cli\u00ebnt verhinderd is om op de afgesproken datum en tijdstip op het praktijkadres aanwezig te zijn, moet Praktijk Pin Point hiervan zo spoedig mogelijk per telefoon of mail op de hoogte worden gesteld.<br \/>\nIndien de cli\u00ebnt korter dan een etmaal (24 uur) voor genoemd tijdstip bericht van verhindering aan Praktijk Pin Point geeft, dan wel geen zodanig bericht geeft, is Praktijk Pin Point gerechtigd om het tarief voor de desbetreffende afspraak aan de cli\u00ebnt in rekening te brengen.<br \/>\nBij afspraken op maandag of een dag volgend op \u00e9\u00e9n of meer erkende feestdagen wordt bedoelde termijn van 24 uur geacht in te gaan om 18.00 uur op de laatste voorafgaande gewone werkdag.<\/p>\n<p>9. Privacy en geheimhouding<br \/>\nPraktijk Pin Point verwerkt persoonsgegevens voor zover het gaat om gegevens die noodzakelijk zijn voor de uitvoering van de overeenkomst. Het gaat daarbij om de financi\u00eble administratie en om het cli\u00ebntdossier.<br \/>\nDe in de financi\u00eble administratie opgenomen persoonsgegevens worden op een veilige manier bewaard gedurende de wettelijke termijn van zeven jaar.<br \/>\nHet wettelijk verplichte cli\u00ebntdossier wordt op een veilige manier bewaard gedurende de wettelijke termijn.<br \/>\nDe cli\u00ebnt kan geen bezwaar tegen deze verwerkingen maken. De cli\u00ebnt heeft hiervoor wel het recht van inzage en correctie en, indien wettelijk mogelijk, het recht op vernietiging van de gegevens. Indien de cli\u00ebnt niet toestaat dat behandelverslagen worden opgenomen in het cli\u00ebntdossier, moet Praktijk Pin Point die weigering vastleggen in het cli\u00ebntdossier.<br \/>\nDe door de cli\u00ebnt verstrekte medische gegevens die afkomstig zijn van derden, zijn bijzondere gegevens in de zin van de AVG. Deze gegevens worden alleen indien strikt noodzakelijk aan het cli\u00ebntdossier toegevoegd. Deze verwerking kan alleen met expliciete toestemming van de cli\u00ebnt.<\/p>\n<p>10. Aansprakelijkheid<br \/>\nDe zorg en het advies van Praktijk Pin Point zijn naar hun aard resultaat gericht, echter zonder dat resultaat te garanderen. Praktijk Pin Point sluit elke aansprakelijkheid uit ter zake van schade of letsel voortvloeiend uit of verband houdende met de opvolging door de cli\u00ebnt van door Praktijk Pin Point verstrekte adviezen, tenzij sprake is van verwijtbare opzet of grove schuld van de kant van Praktijk Pin Point.<br \/>\nIndien de cli\u00ebnt onvolledige of onjuiste informatie heeft verstrekt, kan dat nooit leiden tot enige aansprakelijkheid voor Praktijk Pin Point.<\/p>\n<p>11. Vergoeding door verzekeraars<br \/>\nPraktijk Pin Point spant zich in om te voldoen aan de eisen die verzekeraars stellen aan een natuurgeneeskundig consult om vergoed te kunnen worden. Omdat elke verzekeraar jaarlijks zelf bepaalt welke therapievorm vergoed kan worden en dat zelfs per polis kan verschillen, is het de eigen verantwoordelijkheid van de cli\u00ebnt om vooraf na te gaan in hoeverre de kosten van een behandeling door Praktijk Pin Point vanuit de zorgverzekering worden vergoed.<\/p>\n<p>12. Vertegenwoordiging<br \/>\nTen aanzien van minderjarige cli\u00ebnten zijn mogelijkheden van vertegenwoordiging van de cli\u00ebnt geregeld in de wet, specifiek in de artikelen 7:450, 7:447 en 7:465 van het Burgerlijk Wetboek.<br \/>\nPraktijk Pin Point is niet verplicht om onderzoek te doen naar beperkingen in de bevoegdheid van de persoon die ten behoeve van een minderjarige cli\u00ebnt een behandelingsovereenkomst aangaat en zich presenteert als bevoegd wettelijk vertegenwoordiger.<br \/>\nBeperkingen in de vertegenwoordigingsbevoegdheid die niet uitdrukkelijk zijn gemeld aan Praktijk Pin Point kunnen niet aan Praktijk Pin Point worden tegengeworpen.<\/p>\n<p>13. Betrekken van derden bij de uitvoering van (onderdelen van) de zorg<br \/>\nPraktijk Pin Point kan, in het kader van de behandeling, derden opdracht geven tot de levering van zorg en adviezen. Praktijk Pin Point doet dit zorgvuldig en informeert de cli\u00ebnt hierover. Praktijk Pin Point blijft in die gevallen jegens de cli\u00ebnt verantwoordelijk voor het totaal van de behandeling.<br \/>\nPraktijk Pin Point kan de cli\u00ebnt ook doorverwijzen naar een andere therapeut. In die gevallen gaat de cli\u00ebnt met die andere therapeut een nieuwe behandelingsovereenkomst aan.<\/p>\n<p>14. Incident of calamiteit<br \/>\nIngeval van een incident neemt Praktijk Pin Point daarover na het ontdekken direct contact op met de cli\u00ebnt, draagt zorg voor een volledig dossier en verzamelt alle gegevens die behulpzaam kunnen zijn bij het vaststellen van de feiten.<br \/>\nDaarnaast onderneemt Praktijk Pin Point wat nodig is om eventuele negatieve gevolgen van het incident voor de gezondheidssituatie van de cli\u00ebnt weg te nemen of te beperken en verleent Praktijk Pin Point medewerking aan een eventueel door de cli\u00ebnt gewenste second opinion.<br \/>\nZodra de toedracht van het Incident bekend is, wordt de cli\u00ebnt duidelijk ge\u00efnformeerd over aard en toedracht en wordt dit in het dossier opgenomen.<br \/>\nIs er sprake van een calamiteit dan wordt door Praktijk Pin Point in aanvulling op bovenstaande onverwijld de Inspectie Gezondheidszorg ge\u00efnformeerd.<\/p>\n<p>15. Be\u00ebindiging van de behandelingsovereenkomst<br \/>\nPraktijk Pin Point werkt in beginsel per consult, maar in het geval er afspraken zijn gemaakt met de cli\u00ebnt over een behandeling van meerdere consulten, kan de cli\u00ebnt de behandelingsovereenkomst te allen tijde eenzijdig opzeggen door dat uiterlijk 1 werkdagen v\u00f3\u00f3r de gemaakte afspraak aan Praktijk Pin Point te laten weten.<br \/>\nPraktijk Pin Point kan een reeds afgesproken consult of behandelingsovereenkomst uitsluitend opzeggen vanwege gewichtige redenen. Gewichtige redenen zijn aanwezig indien in redelijkheid van Pin Point niet kan worden verlangd dat de behandelingsovereenkomst wordt voortgezet. Onder deze redenen wordt in ieder geval verstaan:<br \/>\n\u2022 de cli\u00ebnt komt gemaakte afspraken uit de behandelingsovereenkomst niet na;<br \/>\n\u2022 de cli\u00ebnt weigert de medewerking te verlenen die redelijkerwijs nodig is voor een goede uitvoering van de behandelingsovereenkomst;<br \/>\n\u2022 de cli\u00ebnt, diens wettelijk vertegenwoordiger, vertoont gedrag jegens Pin Point dat de voortzetting van de zorgverlening niet meer mogelijk maakt;<br \/>\n\u2022 de omvang of zwaarte van de zorgvraag ontwikkelt zich zodanig dat deze buiten de reikwijdte van een acupunctuur consult gaat vallen.<br \/>\nPraktijk Pin Point zal bij opzegging naar vermogen behulpzaam zijn bij het vinden van een alternatief voor de cli\u00ebnt.<br \/>\nBe\u00ebindiging van de overeenkomst heeft geen gevolgen voor openstaande betalingsverplichtingen.<br \/>\nPraktijk Pin Point is bij een betalingsachterstand gerechtigd om bij een volgend consult alleen pin- of contante betaling te verlangen en behoudt zich het recht voor om verdere behandeling op te schorten tot aan de betalingsverplichting is voldaan.<\/p>\n<p>16. Klachten<br \/>\nPraktijk Pin Point beschikt over een regeling voor de behandeling van klachten. Als u ontevreden bent over mijn diensten, kunt u altijd contact mij opnemen. Ik zal mijn uiterste best doen om uw ontevredenheid op te lossen. Mocht het niet mogelijk zijn om tot een oplossing te komen, dan kunt u de contactpersoon van mijn beroepsvereniging, LVNT bereiken via hun website:<a href=\"https:\/\/www.lvnt.nl\/klachten\"><strong> www.lvnt.nl\/klachten<\/strong><\/a><\/p>\n<p>17. Geschillen<br \/>\nIndien en voor zover de klachtbehandeling niet heeft geleid tot een voor de cli\u00ebnt bevredigende oplossing, kan de klacht worden voorgelegd aan een geschillencommissie.<br \/>\nPraktijk Pin Point is aangesloten bij een geschillencommissie. Deze geschillenregeling voldoet aan de eisen van de Wkkgz.<\/p>\n","protected":false},"excerpt":{"rendered":"<p>Algemene Voorwaarden Pin Point acupunctuur 1. Inleiding \/ juridisch kader Vanaf het moment dat de cli\u00ebnt een afspraak maakt met Pin Point is er sprake van een behandelingsovereenkomst tussen Pin Point en de cli\u00ebnt. Daarmee zijn de bepalingen van Boek 7 titel 7 afdeling 5 van het BW (ook wel genoemd de WGBO: de Wet [&hellip;]<\/p>\n","protected":false},"author":1,"featured_media":0,"parent":0,"menu_order":0,"comment_status":"closed","ping_status":"closed","template":"","meta":{"site-sidebar-layout":"default","site-content-layout":"","ast-site-content-layout":"default","site-content-style":"default","site-sidebar-style":"default","ast-global-header-display":"","ast-banner-title-visibility":"","ast-main-header-display":"","ast-hfb-above-header-display":"","ast-hfb-below-header-display":"","ast-hfb-mobile-header-display":"","site-post-title":"","ast-breadcrumbs-content":"","ast-featured-img":"","footer-sml-layout":"","ast-disable-related-posts":"","theme-transparent-header-meta":"default","adv-header-id-meta":"","stick-header-meta":"","header-above-stick-meta":"","header-main-stick-meta":"","header-below-stick-meta":"","astra-migrate-meta-layouts":"set","ast-page-background-enabled":"default","ast-page-background-meta":{"desktop":{"background-color":"","background-image":"","background-repeat":"repeat","background-position":"center center","background-size":"auto","background-attachment":"scroll","background-type":"","background-media":"","overlay-type":"","overlay-color":"","overlay-opacity":"","overlay-gradient":""},"tablet":{"background-color":"","background-image":"","background-repeat":"repeat","background-position":"center center","background-size":"auto","background-attachment":"scroll","background-type":"","background-media":"","overlay-type":"","overlay-color":"","overlay-opacity":"","overlay-gradient":""},"mobile":{"background-color":"","background-image":"","background-repeat":"repeat","background-position":"center center","background-size":"auto","background-attachment":"scroll","background-type":"","background-media":"","overlay-type":"","overlay-color":"","overlay-opacity":"","overlay-gradient":""}},"ast-content-background-meta":{"desktop":{"background-color":"var(--ast-global-color-5)","background-image":"","background-repeat":"repeat","background-position":"center center","background-size":"auto","background-attachment":"scroll","background-type":"","background-media":"","overlay-type":"","overlay-color":"","overlay-opacity":"","overlay-gradient":""},"tablet":{"background-color":"var(--ast-global-color-5)","background-image":"","background-repeat":"repeat","background-position":"center center","background-size":"auto","background-attachment":"scroll","background-type":"","background-media":"","overlay-type":"","overlay-color":"","overlay-opacity":"","overlay-gradient":""},"mobile":{"background-color":"var(--ast-global-color-5)","background-image":"","background-repeat":"repeat","background-position":"center center","background-size":"auto","background-attachment":"scroll","background-type":"","background-media":"","overlay-type":"","overlay-color":"","overlay-opacity":"","overlay-gradient":""}},"footnotes":""},"class_list":["post-18180","page","type-page","status-publish","hentry"],"yoast_head":"<!-- This site is optimized with the Yoast SEO plugin v27.3 - https:\/\/yoast.com\/product\/yoast-seo-wordpress\/ -->\n<title>Algemene voorwaarden - Pin Point Acupunctuur<\/title>\n<meta name=\"robots\" content=\"index, follow, max-snippet:-1, max-image-preview:large, max-video-preview:-1\" \/>\n<link rel=\"canonical\" href=\"https:\/\/pinpointacupunctuur.nl\/?page_id=18180\" \/>\n<meta property=\"og:locale\" content=\"nl_NL\" \/>\n<meta property=\"og:type\" content=\"article\" \/>\n<meta property=\"og:title\" content=\"Algemene voorwaarden - Pin Point Acupunctuur\" \/>\n<meta property=\"og:description\" content=\"Algemene Voorwaarden Pin Point acupunctuur 1. Inleiding \/ juridisch kader Vanaf het moment dat de cli\u00ebnt een afspraak maakt met Pin Point is er sprake van een behandelingsovereenkomst tussen Pin Point en de cli\u00ebnt. Daarmee zijn de bepalingen van Boek 7 titel 7 afdeling 5 van het BW (ook wel genoemd de WGBO: de Wet [&hellip;]\" \/>\n<meta property=\"og:url\" content=\"https:\/\/pinpointacupunctuur.nl\/?page_id=18180\" \/>\n<meta property=\"og:site_name\" content=\"Pin Point Acupunctuur\" \/>\n<meta property=\"article:modified_time\" content=\"2025-11-30T19:27:43+00:00\" \/>\n<meta name=\"twitter:card\" content=\"summary_large_image\" \/>\n<meta name=\"twitter:label1\" content=\"Geschatte leestijd\" \/>\n\t<meta name=\"twitter:data1\" content=\"11 minuten\" \/>\n<script type=\"application\/ld+json\" class=\"yoast-schema-graph\">{\"@context\":\"https:\\\/\\\/schema.org\",\"@graph\":[{\"@type\":\"WebPage\",\"@id\":\"https:\\\/\\\/pinpointacupunctuur.nl\\\/?page_id=18180\",\"url\":\"https:\\\/\\\/pinpointacupunctuur.nl\\\/?page_id=18180\",\"name\":\"Algemene voorwaarden - Pin Point Acupunctuur\",\"isPartOf\":{\"@id\":\"https:\\\/\\\/pinpointacupunctuur.nl\\\/#website\"},\"datePublished\":\"2025-02-04T19:00:17+00:00\",\"dateModified\":\"2025-11-30T19:27:43+00:00\",\"breadcrumb\":{\"@id\":\"https:\\\/\\\/pinpointacupunctuur.nl\\\/?page_id=18180#breadcrumb\"},\"inLanguage\":\"nl-NL\",\"potentialAction\":[{\"@type\":\"ReadAction\",\"target\":[\"https:\\\/\\\/pinpointacupunctuur.nl\\\/?page_id=18180\"]}]},{\"@type\":\"BreadcrumbList\",\"@id\":\"https:\\\/\\\/pinpointacupunctuur.nl\\\/?page_id=18180#breadcrumb\",\"itemListElement\":[{\"@type\":\"ListItem\",\"position\":1,\"name\":\"Home\",\"item\":\"https:\\\/\\\/pinpointacupunctuur.nl\\\/\"},{\"@type\":\"ListItem\",\"position\":2,\"name\":\"Algemene voorwaarden\"}]},{\"@type\":\"WebSite\",\"@id\":\"https:\\\/\\\/pinpointacupunctuur.nl\\\/#website\",\"url\":\"https:\\\/\\\/pinpointacupunctuur.nl\\\/\",\"name\":\"Pin Point Acupunctuur\",\"description\":\"Praktijk voor acupunctuur\",\"publisher\":{\"@id\":\"https:\\\/\\\/pinpointacupunctuur.nl\\\/#organization\"},\"potentialAction\":[{\"@type\":\"SearchAction\",\"target\":{\"@type\":\"EntryPoint\",\"urlTemplate\":\"https:\\\/\\\/pinpointacupunctuur.nl\\\/?s={search_term_string}\"},\"query-input\":{\"@type\":\"PropertyValueSpecification\",\"valueRequired\":true,\"valueName\":\"search_term_string\"}}],\"inLanguage\":\"nl-NL\"},{\"@type\":\"Organization\",\"@id\":\"https:\\\/\\\/pinpointacupunctuur.nl\\\/#organization\",\"name\":\"Pin Point Acupunctuur\",\"url\":\"https:\\\/\\\/pinpointacupunctuur.nl\\\/\",\"logo\":{\"@type\":\"ImageObject\",\"inLanguage\":\"nl-NL\",\"@id\":\"https:\\\/\\\/pinpointacupunctuur.nl\\\/#\\\/schema\\\/logo\\\/image\\\/\",\"url\":\"https:\\\/\\\/pinpointacupunctuur.nl\\\/wp-content\\\/uploads\\\/2017\\\/06\\\/logo_exp-1.png\",\"contentUrl\":\"https:\\\/\\\/pinpointacupunctuur.nl\\\/wp-content\\\/uploads\\\/2017\\\/06\\\/logo_exp-1.png\",\"width\":1798,\"height\":853,\"caption\":\"Pin Point Acupunctuur\"},\"image\":{\"@id\":\"https:\\\/\\\/pinpointacupunctuur.nl\\\/#\\\/schema\\\/logo\\\/image\\\/\"}}]}<\/script>\n<!-- \/ Yoast SEO plugin. -->","yoast_head_json":{"title":"Algemene voorwaarden - Pin Point Acupunctuur","robots":{"index":"index","follow":"follow","max-snippet":"max-snippet:-1","max-image-preview":"max-image-preview:large","max-video-preview":"max-video-preview:-1"},"canonical":"https:\/\/pinpointacupunctuur.nl\/?page_id=18180","og_locale":"nl_NL","og_type":"article","og_title":"Algemene voorwaarden - Pin Point Acupunctuur","og_description":"Algemene Voorwaarden Pin Point acupunctuur 1. Inleiding \/ juridisch kader Vanaf het moment dat de cli\u00ebnt een afspraak maakt met Pin Point is er sprake van een behandelingsovereenkomst tussen Pin Point en de cli\u00ebnt. Daarmee zijn de bepalingen van Boek 7 titel 7 afdeling 5 van het BW (ook wel genoemd de WGBO: de Wet [&hellip;]","og_url":"https:\/\/pinpointacupunctuur.nl\/?page_id=18180","og_site_name":"Pin Point Acupunctuur","article_modified_time":"2025-11-30T19:27:43+00:00","twitter_card":"summary_large_image","twitter_misc":{"Geschatte leestijd":"11 minuten"},"schema":{"@context":"https:\/\/schema.org","@graph":[{"@type":"WebPage","@id":"https:\/\/pinpointacupunctuur.nl\/?page_id=18180","url":"https:\/\/pinpointacupunctuur.nl\/?page_id=18180","name":"Algemene voorwaarden - Pin Point Acupunctuur","isPartOf":{"@id":"https:\/\/pinpointacupunctuur.nl\/#website"},"datePublished":"2025-02-04T19:00:17+00:00","dateModified":"2025-11-30T19:27:43+00:00","breadcrumb":{"@id":"https:\/\/pinpointacupunctuur.nl\/?page_id=18180#breadcrumb"},"inLanguage":"nl-NL","potentialAction":[{"@type":"ReadAction","target":["https:\/\/pinpointacupunctuur.nl\/?page_id=18180"]}]},{"@type":"BreadcrumbList","@id":"https:\/\/pinpointacupunctuur.nl\/?page_id=18180#breadcrumb","itemListElement":[{"@type":"ListItem","position":1,"name":"Home","item":"https:\/\/pinpointacupunctuur.nl\/"},{"@type":"ListItem","position":2,"name":"Algemene voorwaarden"}]},{"@type":"WebSite","@id":"https:\/\/pinpointacupunctuur.nl\/#website","url":"https:\/\/pinpointacupunctuur.nl\/","name":"Pin Point Acupunctuur","description":"Praktijk voor acupunctuur","publisher":{"@id":"https:\/\/pinpointacupunctuur.nl\/#organization"},"potentialAction":[{"@type":"SearchAction","target":{"@type":"EntryPoint","urlTemplate":"https:\/\/pinpointacupunctuur.nl\/?s={search_term_string}"},"query-input":{"@type":"PropertyValueSpecification","valueRequired":true,"valueName":"search_term_string"}}],"inLanguage":"nl-NL"},{"@type":"Organization","@id":"https:\/\/pinpointacupunctuur.nl\/#organization","name":"Pin Point Acupunctuur","url":"https:\/\/pinpointacupunctuur.nl\/","logo":{"@type":"ImageObject","inLanguage":"nl-NL","@id":"https:\/\/pinpointacupunctuur.nl\/#\/schema\/logo\/image\/","url":"https:\/\/pinpointacupunctuur.nl\/wp-content\/uploads\/2017\/06\/logo_exp-1.png","contentUrl":"https:\/\/pinpointacupunctuur.nl\/wp-content\/uploads\/2017\/06\/logo_exp-1.png","width":1798,"height":853,"caption":"Pin Point Acupunctuur"},"image":{"@id":"https:\/\/pinpointacupunctuur.nl\/#\/schema\/logo\/image\/"}}]}},"_links":{"self":[{"href":"https:\/\/pinpointacupunctuur.nl\/index.php?rest_route=\/wp\/v2\/pages\/18180","targetHints":{"allow":["GET"]}}],"collection":[{"href":"https:\/\/pinpointacupunctuur.nl\/index.php?rest_route=\/wp\/v2\/pages"}],"about":[{"href":"https:\/\/pinpointacupunctuur.nl\/index.php?rest_route=\/wp\/v2\/types\/page"}],"author":[{"embeddable":true,"href":"https:\/\/pinpointacupunctuur.nl\/index.php?rest_route=\/wp\/v2\/users\/1"}],"replies":[{"embeddable":true,"href":"https:\/\/pinpointacupunctuur.nl\/index.php?rest_route=%2Fwp%2Fv2%2Fcomments&post=18180"}],"version-history":[{"count":4,"href":"https:\/\/pinpointacupunctuur.nl\/index.php?rest_route=\/wp\/v2\/pages\/18180\/revisions"}],"predecessor-version":[{"id":18283,"href":"https:\/\/pinpointacupunctuur.nl\/index.php?rest_route=\/wp\/v2\/pages\/18180\/revisions\/18283"}],"wp:attachment":[{"href":"https:\/\/pinpointacupunctuur.nl\/index.php?rest_route=%2Fwp%2Fv2%2Fmedia&parent=18180"}],"curies":[{"name":"wp","href":"https:\/\/api.w.org\/{rel}","templated":true}]}}